{"id":16294,"date":"2022-04-23T19:00:40","date_gmt":"2022-04-23T19:00:40","guid":{"rendered":"http:\/\/2022.07052025.theatredesremparts.be\/?page_id=16294"},"modified":"2024-12-16T09:26:56","modified_gmt":"2024-12-16T08:26:56","slug":"billetterie","status":"publish","type":"page","link":"https:\/\/07052025.theatredesremparts.be\/index.php\/billetterie\/","title":{"rendered":"Billetterie en ligne"},"content":{"rendered":"<div id=\"cmsmasters_row_\" class=\"cmsmasters_row cmsmasters_color_scheme_default cmsmasters_row_top_default cmsmasters_row_bot_default cmsmasters_row_boxed\">\n<div class=\"cmsmasters_row_outer_parent\">\n<div class=\"cmsmasters_row_outer\">\n<div class=\"cmsmasters_row_inner\">\n<div class=\"cmsmasters_row_margin\">\n<div id=\"cmsmasters_column_\" class=\"cmsmasters_column one_first\">\n<div class=\"cmsmasters_column_inner\"><div class=\"cmsmasters_text\">\n<p>&nbsp;<\/p>\n<\/div>\n<\/div><\/div>\n<\/div>\n<\/div>\n<\/div>\n<\/div>\n<\/div>\n<div id=\"cmsmasters_row_s23t7pjmp\" class=\"cmsmasters_row cmsmasters_color_scheme_default cmsmasters_row_top_default cmsmasters_row_bot_default cmsmasters_row_boxed\">\n<div class=\"cmsmasters_row_outer_parent\">\n<div class=\"cmsmasters_row_outer\">\n<div class=\"cmsmasters_row_inner\">\n<div class=\"cmsmasters_row_margin\">\n<div id=\"cmsmasters_column_bqz0hbzqn\" class=\"cmsmasters_column one_third\">\n<div class=\"cmsmasters_column_inner\"><div class=\"cmsmasters_text\">\n<h1 style=\"text-align: center;\"><span style=\"color: #ff6600;\">ESPACE 23<\/span><\/h1>\n<h3 style=\"text-align: center;\"><span style=\"color: #808080;\">Profitez de nos 2 derni\u00e8res dates.<\/span><\/h3>\n<h2 style=\"text-align: center;\"><a href=\"https:\/\/my.weezevent.com\/hotel-de-la-derniere-chance-arbh-rhetos\" target=\"_blank\" rel=\"noopener\"><span style=\"color: #3366ff;\">Le 20 d\u00e9cembre 2024<br \/>\n(R\u00e9servations)<\/span><\/a><\/h2>\n<h3 style=\"text-align: center;\"><span style=\"color: #808080;\">(au profit des Rh\u00e9tos de l&rsquo;Ath\u00e9n\u00e9e Royal de Bastogne Houffalize)<br \/>\n<\/span><\/h3>\n<h3><\/h3>\n<h3 style=\"text-align: center;\"><span style=\"color: #808080;\">Ou<\/span><\/h3>\n<h1 style=\"text-align: center;\"><span style=\"color: #ffcc00;\">COMPLET<\/span><\/h1>\n<h2 style=\"text-align: center;\"><del><span style=\"color: #808080;\"><span style=\"color: #3366ff;\">Le 21 d\u00e9cembre 2024<\/span><\/span><\/del><br \/>\n<del><span style=\"color: #3366ff;\">(R\u00e9servations)<\/span><\/del><\/h2>\n<p>&nbsp;<\/p>\n<\/div>\n<div class=\"cmsmasters_pricing_table pricing_one\">\n<div id=\"cmsmasters_pricing_item_xh2uorji3\" class=\"cmsmasters_pricing_item\">\n<div class=\"cmsmasters_pricing_item_inner\">\n<h3 class=\"pricing_title\">Tarif unique<\/h3>\n<div class=\"cmsmasters_price_wrap\">\n<span class=\"cmsmasters_currency\">\u20ac<\/span>\n<span class=\"cmsmasters_price\">14<\/span>\n<\/div>\n<\/div>\n<\/div>\n<\/div>\n<div id=\"cmsmasters_divider_dqizlh55n\" class=\"cmsmasters_divider cmsmasters_divider_width_long cmsmasters_divider_pos_center\"><\/div>\n<\/div><\/div>\n<div id=\"cmsmasters_column_ua111vgisg\" class=\"cmsmasters_column two_third\">\n<div class=\"cmsmasters_column_inner\"><div class=\"cmsmasters_text\">\n<div><a class=\"shop_frame updated\" style=\"display: none;\" title=\"Vente de billets en ligne\" target=\"_blank\" rel=\"noopener\" data-src=\"https:\/\/www.billetweb.fr\/shop.php?event=la-piece-de-theatre\" data-max-width=\"100%\" data-initial-height=\"800\" data-scrolling=\"no\" data-id=\"la-piece-de-theatre\" data-resize=\"1\">Vente de billets en ligne<\/a><\/div>\n<p><a href=\"https:\/\/my.weezevent.com\/hotel-de-la-derniere-chance-arbh-rhetos\" target=\"_blank\" rel=\"noopener\"><img loading=\"lazy\" decoding=\"async\" class=\"aligncenter size-full wp-image-17501\" src=\"https:\/\/07052025.theatredesremparts.be\/wp-content\/uploads\/2024\/11\/Theatre-Hotel-de-la-derniere-chance-vendredi-20-decembre-20242-800x415-1.png\" alt=\"\" width=\"800\" height=\"415\" srcset=\"https:\/\/07052025.theatredesremparts.be\/wp-content\/uploads\/2024\/11\/Theatre-Hotel-de-la-derniere-chance-vendredi-20-decembre-20242-800x415-1.png 800w, https:\/\/07052025.theatredesremparts.be\/wp-content\/uploads\/2024\/11\/Theatre-Hotel-de-la-derniere-chance-vendredi-20-decembre-20242-800x415-1-300x156.png 300w, https:\/\/07052025.theatredesremparts.be\/wp-content\/uploads\/2024\/11\/Theatre-Hotel-de-la-derniere-chance-vendredi-20-decembre-20242-800x415-1-768x398.png 768w, https:\/\/07052025.theatredesremparts.be\/wp-content\/uploads\/2024\/11\/Theatre-Hotel-de-la-derniere-chance-vendredi-20-decembre-20242-800x415-1-580x301.png 580w\" sizes=\"(max-width: 800px) 100vw, 800px\" \/><\/a><\/p>\n<p><img loading=\"lazy\" decoding=\"async\" class=\"aligncenter wp-image-17523\" src=\"https:\/\/07052025.theatredesremparts.be\/wp-content\/uploads\/2024\/12\/Theatre-Hotel-de-la-derniere-chance-samedi-21-decembre-20242-800x415-1-COMPLET.png\" alt=\"\" width=\"799\" height=\"449\" srcset=\"https:\/\/07052025.theatredesremparts.be\/wp-content\/uploads\/2024\/12\/Theatre-Hotel-de-la-derniere-chance-samedi-21-decembre-20242-800x415-1-COMPLET.png 1280w, https:\/\/07052025.theatredesremparts.be\/wp-content\/uploads\/2024\/12\/Theatre-Hotel-de-la-derniere-chance-samedi-21-decembre-20242-800x415-1-COMPLET-300x169.png 300w, https:\/\/07052025.theatredesremparts.be\/wp-content\/uploads\/2024\/12\/Theatre-Hotel-de-la-derniere-chance-samedi-21-decembre-20242-800x415-1-COMPLET-1024x576.png 1024w, https:\/\/07052025.theatredesremparts.be\/wp-content\/uploads\/2024\/12\/Theatre-Hotel-de-la-derniere-chance-samedi-21-decembre-20242-800x415-1-COMPLET-768x432.png 768w, https:\/\/07052025.theatredesremparts.be\/wp-content\/uploads\/2024\/12\/Theatre-Hotel-de-la-derniere-chance-samedi-21-decembre-20242-800x415-1-COMPLET-580x326.png 580w, https:\/\/07052025.theatredesremparts.be\/wp-content\/uploads\/2024\/12\/Theatre-Hotel-de-la-derniere-chance-samedi-21-decembre-20242-800x415-1-COMPLET-860x484.png 860w, https:\/\/07052025.theatredesremparts.be\/wp-content\/uploads\/2024\/12\/Theatre-Hotel-de-la-derniere-chance-samedi-21-decembre-20242-800x415-1-COMPLET-1160x653.png 1160w\" sizes=\"(max-width: 799px) 100vw, 799px\" \/><\/p>\n<\/div>\n<\/div><\/div>\n<\/div>\n<\/div>\n<\/div>\n<\/div>\n<\/div>\n<div id=\"cmsmasters_row_\" class=\"cmsmasters_row cmsmasters_color_scheme_default cmsmasters_row_top_default cmsmasters_row_bot_default cmsmasters_row_boxed\">\n<div class=\"cmsmasters_row_outer_parent\">\n<div class=\"cmsmasters_row_outer\">\n<div class=\"cmsmasters_row_inner\">\n<div class=\"cmsmasters_row_margin\">\n<div id=\"cmsmasters_column_\" class=\"cmsmasters_column one_first\">\n<div class=\"cmsmasters_column_inner\"><div class=\"cmsmasters_text\">\n<p>&nbsp;<\/p>\n<\/div>\n<\/div><\/div>\n<\/div>\n<\/div>\n<\/div>\n<\/div>\n<\/div>\n<div id=\"cmsmasters_row_wgr1c1wp48\" class=\"cmsmasters_row cmsmasters_color_scheme_default cmsmasters_row_top_default cmsmasters_row_bot_default cmsmasters_row_boxed\">\n<div class=\"cmsmasters_row_outer_parent\">\n<div class=\"cmsmasters_row_outer\">\n<div class=\"cmsmasters_row_inner\">\n<div class=\"cmsmasters_row_margin\">\n<div id=\"cmsmasters_column_8l4rw3baet\" class=\"cmsmasters_column one_first\">\n<div class=\"cmsmasters_column_inner\"><div class=\"cmsmasters_text\">\n<p style=\"margin: 0cm; text-align: center;\"><span style=\"font-family: 'Lucida Sans Unicode',sans-serif;\">Conditions g\u00e9n\u00e9rales\u00a0:<\/span><span style=\"font-family: 'Lucida Sans Unicode',sans-serif;\">\u00a0<\/span><\/p>\n<p style=\"margin: 0cm; text-align: center;\"><span style=\"font-family: 'Lucida Sans Unicode',sans-serif;\">Une fois ce billet \u00e9lectronique \u00e9mis, il ne vous sera plus possible d&rsquo;annuler ou de modifier votre r\u00e9servation.<br \/>\nCe ticket n&rsquo;est ni \u00e9changeable, ni remboursable.<br \/>\nIl est personnel et incessible et sa reproduction est interdite.<br \/>\nLors des contr\u00f4les \u00e0 l&rsquo;entr\u00e9e du lieu de l&rsquo;\u00e9v\u00e9nement, une pi\u00e8ce d&rsquo;identit\u00e9 officielle et en cours de validit\u00e9 avec photo pourra \u00eatre demand\u00e9e pour identifier l&rsquo;acheteur des billets (passeport, permis de conduire ou carte d&rsquo;identit\u00e9).<br \/>\nCe billet cod\u00e9 est uniquement valable pour le lieu, la s\u00e9ance, la date et l&rsquo;heure pr\u00e9cis\u00e9s ci-dessus.<br \/>\nDans les autres cas, ce billet ne sera pas valable.<br \/>\nIl est recommand\u00e9 d&rsquo;occuper sa place au moins 15 minutes avant le d\u00e9but de l&rsquo;\u00e9v\u00e8nement.<br \/>\nL&rsquo;acc\u00e8s \u00e0 la salle n&rsquo;est pas garanti 5 minutes avant le d\u00e9but de l&rsquo;\u00e9v\u00e8nement et ne donne droit \u00e0 aucun remboursement.<\/span><\/p>\n<\/div>\n<\/div><\/div>\n<\/div>\n<\/div>\n<\/div>\n<\/div>\n<\/div>\n\n","protected":false},"excerpt":{"rendered":"","protected":false},"author":1,"featured_media":16058,"parent":0,"menu_order":0,"comment_status":"closed","ping_status":"closed","template":"","meta":{"footnotes":""},"_links":{"self":[{"href":"https:\/\/07052025.theatredesremparts.be\/index.php\/wp-json\/wp\/v2\/pages\/16294"}],"collection":[{"href":"https:\/\/07052025.theatredesremparts.be\/index.php\/wp-json\/wp\/v2\/pages"}],"about":[{"href":"https:\/\/07052025.theatredesremparts.be\/index.php\/wp-json\/wp\/v2\/types\/page"}],"author":[{"embeddable":true,"href":"https:\/\/07052025.theatredesremparts.be\/index.php\/wp-json\/wp\/v2\/users\/1"}],"replies":[{"embeddable":true,"href":"https:\/\/07052025.theatredesremparts.be\/index.php\/wp-json\/wp\/v2\/comments?post=16294"}],"version-history":[{"count":18,"href":"https:\/\/07052025.theatredesremparts.be\/index.php\/wp-json\/wp\/v2\/pages\/16294\/revisions"}],"predecessor-version":[{"id":17525,"href":"https:\/\/07052025.theatredesremparts.be\/index.php\/wp-json\/wp\/v2\/pages\/16294\/revisions\/17525"}],"wp:featuredmedia":[{"embeddable":true,"href":"https:\/\/07052025.theatredesremparts.be\/index.php\/wp-json\/wp\/v2\/media\/16058"}],"wp:attachment":[{"href":"https:\/\/07052025.theatredesremparts.be\/index.php\/wp-json\/wp\/v2\/media?parent=16294"}],"curies":[{"name":"wp","href":"https:\/\/api.w.org\/{rel}","templated":true}]}}